{"id":4559,"date":"2024-11-06T11:15:12","date_gmt":"2024-11-06T09:22:12","guid":{"rendered":"https:\/\/www.seviclimb.cat\/?post_type=product&#038;p=4559"},"modified":"2024-11-06T11:27:07","modified_gmt":"2024-11-06T09:27:07","slug":"barco-sta-maria","status":"publish","type":"product","link":"https:\/\/www.seviclimb.cat\/es\/producto\/barco-sta-maria\/","title":{"rendered":"Barco Sta. Maria"},"content":{"rendered":"","protected":false},"excerpt":{"rendered":"<p>Multijuego hecho artesanalmente con troncos de madera de rub\u00eda sin mecanizar, con forma de barco. Compuesto por dos plataformas, que se puede acceder a trav\u00e9s de roc\u00f3dromo, trepa, escaleras o rampa con cuerda. Consta de un t\u00fanel que pasa por debajo de una de las plataformas, que termina con un tobog\u00e1n de 1m. Tambi\u00e9n tiene otro tobog\u00e1n en la otra plataforma de 1,5 my una barra de bombero.<br \/>\n&nbsp;<br \/>\nLa zona entre las dos torres es un arenal, est\u00e1 el palo del m\u00e1stil, donde hay una gr\u00faa con cubos por jugar con la arena.<br \/>\n&nbsp;<\/p>\n<h3>Material:<\/h3>\n<p>&nbsp;<\/p>\n<ul>\n<li>Troncos de madera: Madera de acacia.<\/li>\n<li>Lamas de madera: Madera de acacia.<\/li>\n<li>Torniller\u00eda: Acero zincado.<\/li>\n<li>Toboganes de acero inox.<\/li>\n<li>Cuerdas de nylon trenzado reforzado con alma de acero<\/li>\n<li>Protecci\u00f3n madera: imprimaci\u00f3n hidr\u00f3fuga y protectora de la madera con aceites org\u00e1nicos.<\/li>\n<\/ul>\n<p>&nbsp;<\/p>\n<pre>Edad: + 3 anys\r\nMedidas: 11(l.) x 1,5(al.) x 4,8m (an.) \r\nArea de seguredad: 1,5m - 2m<\/pre>\n","protected":false},"featured_media":4553,"template":"","meta":{"_acf_changed":false},"product_brand":[],"product_cat":[164],"product_tag":[],"class_list":{"0":"post-4559","1":"product","2":"type-product","3":"status-publish","4":"has-post-thumbnail","6":"product_cat-multijuegos","8":"first","9":"instock","10":"shipping-taxable","11":"product-type-simple"},"acf":[],"yoast_head":"<!-- This site is optimized with the Yoast SEO plugin v27.1.1 - https:\/\/yoast.com\/product\/yoast-seo-wordpress\/ -->\n<title>Barco Sta. Maria - Seviclimb<\/title>\n<meta name=\"description\" content=\"Barco Sta. Maria de madera, ideal para parques, patios y otras \u00e1reas de juego infantil. Contacta con nosotros y te asesoraremos.\" \/>\n<meta name=\"robots\" content=\"index, follow, max-snippet:-1, max-image-preview:large, max-video-preview:-1\" \/>\n<link rel=\"canonical\" href=\"https:\/\/www.seviclimb.cat\/es\/producto\/barco-sta-maria\/\" \/>\n<meta property=\"og:locale\" content=\"es_ES\" \/>\n<meta property=\"og:type\" content=\"article\" \/>\n<meta property=\"og:title\" content=\"Barco Sta. Maria - Seviclimb\" \/>\n<meta property=\"og:description\" content=\"Barco Sta. Maria de madera, ideal para parques, patios y otras \u00e1reas de juego infantil. Contacta con nosotros y te asesoraremos.\" \/>\n<meta property=\"og:url\" content=\"https:\/\/www.seviclimb.cat\/es\/producto\/barco-sta-maria\/\" \/>\n<meta property=\"og:site_name\" content=\"Seviclimb\" \/>\n<meta property=\"article:publisher\" content=\"https:\/\/www.facebook.com\/Seviclimb\/\" \/>\n<meta property=\"article:modified_time\" content=\"2024-11-06T09:27:07+00:00\" \/>\n<meta property=\"og:image\" content=\"https:\/\/www.seviclimb.cat\/wp-content\/uploads\/2024\/11\/1.png\" \/>\n\t<meta property=\"og:image:width\" content=\"1280\" \/>\n\t<meta property=\"og:image:height\" content=\"720\" \/>\n\t<meta property=\"og:image:type\" content=\"image\/png\" \/>\n<meta name=\"twitter:card\" content=\"summary_large_image\" \/>\n<script type=\"application\/ld+json\" class=\"yoast-schema-graph\">{\"@context\":\"https:\/\/schema.org\",\"@graph\":[{\"@type\":\"WebPage\",\"@id\":\"https:\/\/www.seviclimb.cat\/es\/producto\/barco-sta-maria\/\",\"url\":\"https:\/\/www.seviclimb.cat\/es\/producto\/barco-sta-maria\/\",\"name\":\"Barco Sta. Maria - Seviclimb\",\"isPartOf\":{\"@id\":\"https:\/\/www.seviclimb.cat\/es\/#website\"},\"primaryImageOfPage\":{\"@id\":\"https:\/\/www.seviclimb.cat\/es\/producto\/barco-sta-maria\/#primaryimage\"},\"image\":{\"@id\":\"https:\/\/www.seviclimb.cat\/es\/producto\/barco-sta-maria\/#primaryimage\"},\"thumbnailUrl\":\"https:\/\/www.seviclimb.cat\/wp-content\/uploads\/2024\/11\/1.png\",\"datePublished\":\"2024-11-06T09:22:12+00:00\",\"dateModified\":\"2024-11-06T09:27:07+00:00\",\"description\":\"Barco Sta. Maria de madera, ideal para parques, patios y otras \u00e1reas de juego infantil. Contacta con nosotros y te asesoraremos.\",\"breadcrumb\":{\"@id\":\"https:\/\/www.seviclimb.cat\/es\/producto\/barco-sta-maria\/#breadcrumb\"},\"inLanguage\":\"es\",\"potentialAction\":[{\"@type\":\"ReadAction\",\"target\":[\"https:\/\/www.seviclimb.cat\/es\/producto\/barco-sta-maria\/\"]}]},{\"@type\":\"ImageObject\",\"inLanguage\":\"es\",\"@id\":\"https:\/\/www.seviclimb.cat\/es\/producto\/barco-sta-maria\/#primaryimage\",\"url\":\"https:\/\/www.seviclimb.cat\/wp-content\/uploads\/2024\/11\/1.png\",\"contentUrl\":\"https:\/\/www.seviclimb.cat\/wp-content\/uploads\/2024\/11\/1.png\",\"width\":1280,\"height\":720},{\"@type\":\"BreadcrumbList\",\"@id\":\"https:\/\/www.seviclimb.cat\/es\/producto\/barco-sta-maria\/#breadcrumb\",\"itemListElement\":[{\"@type\":\"ListItem\",\"position\":1,\"name\":\"Inici\",\"item\":\"https:\/\/www.seviclimb.cat\/es\/\"},{\"@type\":\"ListItem\",\"position\":2,\"name\":\"Cat\u00e1logo de productos\",\"item\":\"https:\/\/www.seviclimb.cat\/es\/catalogo\/\"},{\"@type\":\"ListItem\",\"position\":3,\"name\":\"Barco Sta. Maria\"}]},{\"@type\":\"WebSite\",\"@id\":\"https:\/\/www.seviclimb.cat\/es\/#website\",\"url\":\"https:\/\/www.seviclimb.cat\/es\/\",\"name\":\"Seviclimb\",\"description\":\"\",\"publisher\":{\"@id\":\"https:\/\/www.seviclimb.cat\/es\/#organization\"},\"potentialAction\":[{\"@type\":\"SearchAction\",\"target\":{\"@type\":\"EntryPoint\",\"urlTemplate\":\"https:\/\/www.seviclimb.cat\/es\/?s={search_term_string}\"},\"query-input\":{\"@type\":\"PropertyValueSpecification\",\"valueRequired\":true,\"valueName\":\"search_term_string\"}}],\"inLanguage\":\"es\"},{\"@type\":\"Organization\",\"@id\":\"https:\/\/www.seviclimb.cat\/es\/#organization\",\"name\":\"Seviclimb\",\"url\":\"https:\/\/www.seviclimb.cat\/es\/\",\"logo\":{\"@type\":\"ImageObject\",\"inLanguage\":\"es\",\"@id\":\"https:\/\/www.seviclimb.cat\/es\/#\/schema\/logo\/image\/\",\"url\":\"https:\/\/www.seviclimb.cat\/wp-content\/uploads\/2021\/08\/logoseviclimb-color.png\",\"contentUrl\":\"https:\/\/www.seviclimb.cat\/wp-content\/uploads\/2021\/08\/logoseviclimb-color.png\",\"width\":1920,\"height\":1280,\"caption\":\"Seviclimb\"},\"image\":{\"@id\":\"https:\/\/www.seviclimb.cat\/es\/#\/schema\/logo\/image\/\"},\"sameAs\":[\"https:\/\/www.facebook.com\/Seviclimb\/\",\"https:\/\/www.instagram.com\/sevi_climb\/\"]}]}<\/script>\n<!-- \/ Yoast SEO plugin. -->","yoast_head_json":{"title":"Barco Sta. Maria - Seviclimb","description":"Barco Sta. Maria de madera, ideal para parques, patios y otras \u00e1reas de juego infantil. Contacta con nosotros y te asesoraremos.","robots":{"index":"index","follow":"follow","max-snippet":"max-snippet:-1","max-image-preview":"max-image-preview:large","max-video-preview":"max-video-preview:-1"},"canonical":"https:\/\/www.seviclimb.cat\/es\/producto\/barco-sta-maria\/","og_locale":"es_ES","og_type":"article","og_title":"Barco Sta. Maria - Seviclimb","og_description":"Barco Sta. Maria de madera, ideal para parques, patios y otras \u00e1reas de juego infantil. Contacta con nosotros y te asesoraremos.","og_url":"https:\/\/www.seviclimb.cat\/es\/producto\/barco-sta-maria\/","og_site_name":"Seviclimb","article_publisher":"https:\/\/www.facebook.com\/Seviclimb\/","article_modified_time":"2024-11-06T09:27:07+00:00","og_image":[{"width":1280,"height":720,"url":"https:\/\/www.seviclimb.cat\/wp-content\/uploads\/2024\/11\/1.png","type":"image\/png"}],"twitter_card":"summary_large_image","schema":{"@context":"https:\/\/schema.org","@graph":[{"@type":"WebPage","@id":"https:\/\/www.seviclimb.cat\/es\/producto\/barco-sta-maria\/","url":"https:\/\/www.seviclimb.cat\/es\/producto\/barco-sta-maria\/","name":"Barco Sta. Maria - Seviclimb","isPartOf":{"@id":"https:\/\/www.seviclimb.cat\/es\/#website"},"primaryImageOfPage":{"@id":"https:\/\/www.seviclimb.cat\/es\/producto\/barco-sta-maria\/#primaryimage"},"image":{"@id":"https:\/\/www.seviclimb.cat\/es\/producto\/barco-sta-maria\/#primaryimage"},"thumbnailUrl":"https:\/\/www.seviclimb.cat\/wp-content\/uploads\/2024\/11\/1.png","datePublished":"2024-11-06T09:22:12+00:00","dateModified":"2024-11-06T09:27:07+00:00","description":"Barco Sta. Maria de madera, ideal para parques, patios y otras \u00e1reas de juego infantil. Contacta con nosotros y te asesoraremos.","breadcrumb":{"@id":"https:\/\/www.seviclimb.cat\/es\/producto\/barco-sta-maria\/#breadcrumb"},"inLanguage":"es","potentialAction":[{"@type":"ReadAction","target":["https:\/\/www.seviclimb.cat\/es\/producto\/barco-sta-maria\/"]}]},{"@type":"ImageObject","inLanguage":"es","@id":"https:\/\/www.seviclimb.cat\/es\/producto\/barco-sta-maria\/#primaryimage","url":"https:\/\/www.seviclimb.cat\/wp-content\/uploads\/2024\/11\/1.png","contentUrl":"https:\/\/www.seviclimb.cat\/wp-content\/uploads\/2024\/11\/1.png","width":1280,"height":720},{"@type":"BreadcrumbList","@id":"https:\/\/www.seviclimb.cat\/es\/producto\/barco-sta-maria\/#breadcrumb","itemListElement":[{"@type":"ListItem","position":1,"name":"Inici","item":"https:\/\/www.seviclimb.cat\/es\/"},{"@type":"ListItem","position":2,"name":"Cat\u00e1logo de productos","item":"https:\/\/www.seviclimb.cat\/es\/catalogo\/"},{"@type":"ListItem","position":3,"name":"Barco Sta. Maria"}]},{"@type":"WebSite","@id":"https:\/\/www.seviclimb.cat\/es\/#website","url":"https:\/\/www.seviclimb.cat\/es\/","name":"Seviclimb","description":"","publisher":{"@id":"https:\/\/www.seviclimb.cat\/es\/#organization"},"potentialAction":[{"@type":"SearchAction","target":{"@type":"EntryPoint","urlTemplate":"https:\/\/www.seviclimb.cat\/es\/?s={search_term_string}"},"query-input":{"@type":"PropertyValueSpecification","valueRequired":true,"valueName":"search_term_string"}}],"inLanguage":"es"},{"@type":"Organization","@id":"https:\/\/www.seviclimb.cat\/es\/#organization","name":"Seviclimb","url":"https:\/\/www.seviclimb.cat\/es\/","logo":{"@type":"ImageObject","inLanguage":"es","@id":"https:\/\/www.seviclimb.cat\/es\/#\/schema\/logo\/image\/","url":"https:\/\/www.seviclimb.cat\/wp-content\/uploads\/2021\/08\/logoseviclimb-color.png","contentUrl":"https:\/\/www.seviclimb.cat\/wp-content\/uploads\/2021\/08\/logoseviclimb-color.png","width":1920,"height":1280,"caption":"Seviclimb"},"image":{"@id":"https:\/\/www.seviclimb.cat\/es\/#\/schema\/logo\/image\/"},"sameAs":["https:\/\/www.facebook.com\/Seviclimb\/","https:\/\/www.instagram.com\/sevi_climb\/"]}]}},"_links":{"self":[{"href":"https:\/\/www.seviclimb.cat\/es\/wp-json\/wp\/v2\/product\/4559","targetHints":{"allow":["GET"]}}],"collection":[{"href":"https:\/\/www.seviclimb.cat\/es\/wp-json\/wp\/v2\/product"}],"about":[{"href":"https:\/\/www.seviclimb.cat\/es\/wp-json\/wp\/v2\/types\/product"}],"wp:featuredmedia":[{"embeddable":true,"href":"https:\/\/www.seviclimb.cat\/es\/wp-json\/wp\/v2\/media\/4553"}],"wp:attachment":[{"href":"https:\/\/www.seviclimb.cat\/es\/wp-json\/wp\/v2\/media?parent=4559"}],"wp:term":[{"taxonomy":"product_brand","embeddable":true,"href":"https:\/\/www.seviclimb.cat\/es\/wp-json\/wp\/v2\/product_brand?post=4559"},{"taxonomy":"product_cat","embeddable":true,"href":"https:\/\/www.seviclimb.cat\/es\/wp-json\/wp\/v2\/product_cat?post=4559"},{"taxonomy":"product_tag","embeddable":true,"href":"https:\/\/www.seviclimb.cat\/es\/wp-json\/wp\/v2\/product_tag?post=4559"}],"curies":[{"name":"wp","href":"https:\/\/api.w.org\/{rel}","templated":true}]}}