{"id":3078,"date":"2021-11-25T10:52:50","date_gmt":"2022-07-27T11:54:41","guid":{"rendered":"https:\/\/www.seviclimb.cat\/?post_type=product&#038;p=3078"},"modified":"2024-01-18T10:45:39","modified_gmt":"2024-01-18T08:45:39","slug":"columpio-pendulo","status":"publish","type":"product","link":"https:\/\/www.seviclimb.cat\/es\/producto\/columpio-pendulo\/","title":{"rendered":"COLUMPIO P\u00c9NDULO"},"content":{"rendered":"","protected":false},"excerpt":{"rendered":"<h6>ref.: 80003<\/h6>\n<p>Columpio de madera de acacia.<\/p>\n<pre>Edad: + 3 a\u00f1os\r\nMedidas: 3,5(l.) x 2,2(al.) \r\n\u00c1rea de seguridad: 6,5 x 5m<\/pre>\n","protected":false},"featured_media":1404,"template":"","meta":{"_acf_changed":false},"product_brand":[],"product_cat":[161],"product_tag":[],"class_list":{"0":"post-3078","1":"product","2":"type-product","3":"status-publish","4":"has-post-thumbnail","6":"product_cat-columpios","8":"first","9":"instock","10":"shipping-taxable","11":"product-type-simple"},"acf":[],"yoast_head":"<!-- This site is optimized with the Yoast SEO plugin v27.1.1 - https:\/\/yoast.com\/product\/yoast-seo-wordpress\/ -->\n<title>COLUMPIO P\u00c9NDULO - Seviclimb<\/title>\n<meta name=\"description\" content=\"COLUMPIO P\u00c9NDULO de madera, ideal para parques, patios y otras \u00e1reas de juego infantil. Contacta con nosotros y te asesoraremos.\" \/>\n<meta name=\"robots\" content=\"index, follow, max-snippet:-1, max-image-preview:large, max-video-preview:-1\" \/>\n<link rel=\"canonical\" href=\"https:\/\/www.seviclimb.cat\/es\/producto\/columpio-pendulo\/\" \/>\n<meta property=\"og:locale\" content=\"es_ES\" \/>\n<meta property=\"og:type\" content=\"article\" \/>\n<meta property=\"og:title\" content=\"COLUMPIO P\u00c9NDULO - Seviclimb\" \/>\n<meta property=\"og:description\" content=\"COLUMPIO P\u00c9NDULO de madera, ideal para parques, patios y otras \u00e1reas de juego infantil. Contacta con nosotros y te asesoraremos.\" \/>\n<meta property=\"og:url\" content=\"https:\/\/www.seviclimb.cat\/es\/producto\/columpio-pendulo\/\" \/>\n<meta property=\"og:site_name\" content=\"Seviclimb\" \/>\n<meta property=\"article:publisher\" content=\"https:\/\/www.facebook.com\/Seviclimb\/\" \/>\n<meta property=\"article:modified_time\" content=\"2024-01-18T08:45:39+00:00\" \/>\n<meta property=\"og:image\" content=\"https:\/\/www.seviclimb.cat\/wp-content\/uploads\/2021\/11\/GRONXADOR-PENDUL.jpg\" \/>\n\t<meta property=\"og:image:width\" content=\"1200\" \/>\n\t<meta property=\"og:image:height\" content=\"800\" \/>\n\t<meta property=\"og:image:type\" content=\"image\/jpeg\" \/>\n<meta name=\"twitter:card\" content=\"summary_large_image\" \/>\n<script type=\"application\/ld+json\" class=\"yoast-schema-graph\">{\"@context\":\"https:\/\/schema.org\",\"@graph\":[{\"@type\":\"WebPage\",\"@id\":\"https:\/\/www.seviclimb.cat\/es\/producto\/columpio-pendulo\/\",\"url\":\"https:\/\/www.seviclimb.cat\/es\/producto\/columpio-pendulo\/\",\"name\":\"COLUMPIO P\u00c9NDULO - Seviclimb\",\"isPartOf\":{\"@id\":\"https:\/\/www.seviclimb.cat\/es\/#website\"},\"primaryImageOfPage\":{\"@id\":\"https:\/\/www.seviclimb.cat\/es\/producto\/columpio-pendulo\/#primaryimage\"},\"image\":{\"@id\":\"https:\/\/www.seviclimb.cat\/es\/producto\/columpio-pendulo\/#primaryimage\"},\"thumbnailUrl\":\"https:\/\/www.seviclimb.cat\/wp-content\/uploads\/2021\/11\/GRONXADOR-PENDUL.jpg\",\"datePublished\":\"2022-07-27T11:54:41+00:00\",\"dateModified\":\"2024-01-18T08:45:39+00:00\",\"description\":\"COLUMPIO P\u00c9NDULO de madera, ideal para parques, patios y otras \u00e1reas de juego infantil. Contacta con nosotros y te asesoraremos.\",\"breadcrumb\":{\"@id\":\"https:\/\/www.seviclimb.cat\/es\/producto\/columpio-pendulo\/#breadcrumb\"},\"inLanguage\":\"es\",\"potentialAction\":[{\"@type\":\"ReadAction\",\"target\":[\"https:\/\/www.seviclimb.cat\/es\/producto\/columpio-pendulo\/\"]}]},{\"@type\":\"ImageObject\",\"inLanguage\":\"es\",\"@id\":\"https:\/\/www.seviclimb.cat\/es\/producto\/columpio-pendulo\/#primaryimage\",\"url\":\"https:\/\/www.seviclimb.cat\/wp-content\/uploads\/2021\/11\/GRONXADOR-PENDUL.jpg\",\"contentUrl\":\"https:\/\/www.seviclimb.cat\/wp-content\/uploads\/2021\/11\/GRONXADOR-PENDUL.jpg\",\"width\":1200,\"height\":800},{\"@type\":\"BreadcrumbList\",\"@id\":\"https:\/\/www.seviclimb.cat\/es\/producto\/columpio-pendulo\/#breadcrumb\",\"itemListElement\":[{\"@type\":\"ListItem\",\"position\":1,\"name\":\"Inici\",\"item\":\"https:\/\/www.seviclimb.cat\/es\/\"},{\"@type\":\"ListItem\",\"position\":2,\"name\":\"Cat\u00e1logo de productos\",\"item\":\"https:\/\/www.seviclimb.cat\/es\/catalogo\/\"},{\"@type\":\"ListItem\",\"position\":3,\"name\":\"COLUMPIO P\u00c9NDULO\"}]},{\"@type\":\"WebSite\",\"@id\":\"https:\/\/www.seviclimb.cat\/es\/#website\",\"url\":\"https:\/\/www.seviclimb.cat\/es\/\",\"name\":\"Seviclimb\",\"description\":\"\",\"publisher\":{\"@id\":\"https:\/\/www.seviclimb.cat\/es\/#organization\"},\"potentialAction\":[{\"@type\":\"SearchAction\",\"target\":{\"@type\":\"EntryPoint\",\"urlTemplate\":\"https:\/\/www.seviclimb.cat\/es\/?s={search_term_string}\"},\"query-input\":{\"@type\":\"PropertyValueSpecification\",\"valueRequired\":true,\"valueName\":\"search_term_string\"}}],\"inLanguage\":\"es\"},{\"@type\":\"Organization\",\"@id\":\"https:\/\/www.seviclimb.cat\/es\/#organization\",\"name\":\"Seviclimb\",\"url\":\"https:\/\/www.seviclimb.cat\/es\/\",\"logo\":{\"@type\":\"ImageObject\",\"inLanguage\":\"es\",\"@id\":\"https:\/\/www.seviclimb.cat\/es\/#\/schema\/logo\/image\/\",\"url\":\"https:\/\/www.seviclimb.cat\/wp-content\/uploads\/2021\/08\/logoseviclimb-color.png\",\"contentUrl\":\"https:\/\/www.seviclimb.cat\/wp-content\/uploads\/2021\/08\/logoseviclimb-color.png\",\"width\":1920,\"height\":1280,\"caption\":\"Seviclimb\"},\"image\":{\"@id\":\"https:\/\/www.seviclimb.cat\/es\/#\/schema\/logo\/image\/\"},\"sameAs\":[\"https:\/\/www.facebook.com\/Seviclimb\/\",\"https:\/\/www.instagram.com\/sevi_climb\/\"]}]}<\/script>\n<!-- \/ Yoast SEO plugin. -->","yoast_head_json":{"title":"COLUMPIO P\u00c9NDULO - Seviclimb","description":"COLUMPIO P\u00c9NDULO de madera, ideal para parques, patios y otras \u00e1reas de juego infantil. Contacta con nosotros y te asesoraremos.","robots":{"index":"index","follow":"follow","max-snippet":"max-snippet:-1","max-image-preview":"max-image-preview:large","max-video-preview":"max-video-preview:-1"},"canonical":"https:\/\/www.seviclimb.cat\/es\/producto\/columpio-pendulo\/","og_locale":"es_ES","og_type":"article","og_title":"COLUMPIO P\u00c9NDULO - Seviclimb","og_description":"COLUMPIO P\u00c9NDULO de madera, ideal para parques, patios y otras \u00e1reas de juego infantil. Contacta con nosotros y te asesoraremos.","og_url":"https:\/\/www.seviclimb.cat\/es\/producto\/columpio-pendulo\/","og_site_name":"Seviclimb","article_publisher":"https:\/\/www.facebook.com\/Seviclimb\/","article_modified_time":"2024-01-18T08:45:39+00:00","og_image":[{"width":1200,"height":800,"url":"https:\/\/www.seviclimb.cat\/wp-content\/uploads\/2021\/11\/GRONXADOR-PENDUL.jpg","type":"image\/jpeg"}],"twitter_card":"summary_large_image","schema":{"@context":"https:\/\/schema.org","@graph":[{"@type":"WebPage","@id":"https:\/\/www.seviclimb.cat\/es\/producto\/columpio-pendulo\/","url":"https:\/\/www.seviclimb.cat\/es\/producto\/columpio-pendulo\/","name":"COLUMPIO P\u00c9NDULO - Seviclimb","isPartOf":{"@id":"https:\/\/www.seviclimb.cat\/es\/#website"},"primaryImageOfPage":{"@id":"https:\/\/www.seviclimb.cat\/es\/producto\/columpio-pendulo\/#primaryimage"},"image":{"@id":"https:\/\/www.seviclimb.cat\/es\/producto\/columpio-pendulo\/#primaryimage"},"thumbnailUrl":"https:\/\/www.seviclimb.cat\/wp-content\/uploads\/2021\/11\/GRONXADOR-PENDUL.jpg","datePublished":"2022-07-27T11:54:41+00:00","dateModified":"2024-01-18T08:45:39+00:00","description":"COLUMPIO P\u00c9NDULO de madera, ideal para parques, patios y otras \u00e1reas de juego infantil. Contacta con nosotros y te asesoraremos.","breadcrumb":{"@id":"https:\/\/www.seviclimb.cat\/es\/producto\/columpio-pendulo\/#breadcrumb"},"inLanguage":"es","potentialAction":[{"@type":"ReadAction","target":["https:\/\/www.seviclimb.cat\/es\/producto\/columpio-pendulo\/"]}]},{"@type":"ImageObject","inLanguage":"es","@id":"https:\/\/www.seviclimb.cat\/es\/producto\/columpio-pendulo\/#primaryimage","url":"https:\/\/www.seviclimb.cat\/wp-content\/uploads\/2021\/11\/GRONXADOR-PENDUL.jpg","contentUrl":"https:\/\/www.seviclimb.cat\/wp-content\/uploads\/2021\/11\/GRONXADOR-PENDUL.jpg","width":1200,"height":800},{"@type":"BreadcrumbList","@id":"https:\/\/www.seviclimb.cat\/es\/producto\/columpio-pendulo\/#breadcrumb","itemListElement":[{"@type":"ListItem","position":1,"name":"Inici","item":"https:\/\/www.seviclimb.cat\/es\/"},{"@type":"ListItem","position":2,"name":"Cat\u00e1logo de productos","item":"https:\/\/www.seviclimb.cat\/es\/catalogo\/"},{"@type":"ListItem","position":3,"name":"COLUMPIO P\u00c9NDULO"}]},{"@type":"WebSite","@id":"https:\/\/www.seviclimb.cat\/es\/#website","url":"https:\/\/www.seviclimb.cat\/es\/","name":"Seviclimb","description":"","publisher":{"@id":"https:\/\/www.seviclimb.cat\/es\/#organization"},"potentialAction":[{"@type":"SearchAction","target":{"@type":"EntryPoint","urlTemplate":"https:\/\/www.seviclimb.cat\/es\/?s={search_term_string}"},"query-input":{"@type":"PropertyValueSpecification","valueRequired":true,"valueName":"search_term_string"}}],"inLanguage":"es"},{"@type":"Organization","@id":"https:\/\/www.seviclimb.cat\/es\/#organization","name":"Seviclimb","url":"https:\/\/www.seviclimb.cat\/es\/","logo":{"@type":"ImageObject","inLanguage":"es","@id":"https:\/\/www.seviclimb.cat\/es\/#\/schema\/logo\/image\/","url":"https:\/\/www.seviclimb.cat\/wp-content\/uploads\/2021\/08\/logoseviclimb-color.png","contentUrl":"https:\/\/www.seviclimb.cat\/wp-content\/uploads\/2021\/08\/logoseviclimb-color.png","width":1920,"height":1280,"caption":"Seviclimb"},"image":{"@id":"https:\/\/www.seviclimb.cat\/es\/#\/schema\/logo\/image\/"},"sameAs":["https:\/\/www.facebook.com\/Seviclimb\/","https:\/\/www.instagram.com\/sevi_climb\/"]}]}},"_links":{"self":[{"href":"https:\/\/www.seviclimb.cat\/es\/wp-json\/wp\/v2\/product\/3078","targetHints":{"allow":["GET"]}}],"collection":[{"href":"https:\/\/www.seviclimb.cat\/es\/wp-json\/wp\/v2\/product"}],"about":[{"href":"https:\/\/www.seviclimb.cat\/es\/wp-json\/wp\/v2\/types\/product"}],"wp:featuredmedia":[{"embeddable":true,"href":"https:\/\/www.seviclimb.cat\/es\/wp-json\/wp\/v2\/media\/1404"}],"wp:attachment":[{"href":"https:\/\/www.seviclimb.cat\/es\/wp-json\/wp\/v2\/media?parent=3078"}],"wp:term":[{"taxonomy":"product_brand","embeddable":true,"href":"https:\/\/www.seviclimb.cat\/es\/wp-json\/wp\/v2\/product_brand?post=3078"},{"taxonomy":"product_cat","embeddable":true,"href":"https:\/\/www.seviclimb.cat\/es\/wp-json\/wp\/v2\/product_cat?post=3078"},{"taxonomy":"product_tag","embeddable":true,"href":"https:\/\/www.seviclimb.cat\/es\/wp-json\/wp\/v2\/product_tag?post=3078"}],"curies":[{"name":"wp","href":"https:\/\/api.w.org\/{rel}","templated":true}]}}