{"id":2992,"date":"2021-10-25T12:13:31","date_gmt":"2022-07-15T10:40:35","guid":{"rendered":"https:\/\/www.seviclimb.cat\/?post_type=product&#038;p=2992"},"modified":"2024-01-18T12:33:22","modified_gmt":"2024-01-18T10:33:22","slug":"cocinita-modular-modulo-1","status":"publish","type":"product","link":"https:\/\/www.seviclimb.cat\/es\/producto\/cocinita-modular-modulo-1\/","title":{"rendered":"COCINITA MODULAR (M\u00d3DULO 1)"},"content":{"rendered":"","protected":false},"excerpt":{"rendered":"<p>ref.: 20004<br \/>\nM\u00f3dulo para ampliar la cocinita modular de pino tratada al autoclave y madera de okume WBP<br \/>\nEdad: + 2 a\u00f1os<br \/>\nMedidas: 0,6 x 1,2m<\/p>\n","protected":false},"featured_media":1259,"template":"","meta":{"_acf_changed":false},"product_brand":[],"product_cat":[155],"product_tag":[],"class_list":{"0":"post-2992","1":"product","2":"type-product","3":"status-publish","4":"has-post-thumbnail","6":"product_cat-mesas-y-cocinitas","8":"first","9":"instock","10":"shipping-taxable","11":"product-type-simple"},"acf":[],"yoast_head":"<!-- This site is optimized with the Yoast SEO plugin v27.1.1 - https:\/\/yoast.com\/product\/yoast-seo-wordpress\/ -->\n<title>COCINITA MODULAR (M\u00d3DULO 1) - Seviclimb<\/title>\n<meta name=\"description\" content=\"COCINITA MODULAR (M\u00d3DULO 1) de madera, ideal para parques, patios y otras \u00e1reas de juego infantil. Contacta con nosotros y te asesoraremos.\" \/>\n<meta name=\"robots\" content=\"index, follow, max-snippet:-1, max-image-preview:large, max-video-preview:-1\" \/>\n<link rel=\"canonical\" href=\"https:\/\/www.seviclimb.cat\/es\/producto\/cocinita-modular-modulo-1\/\" \/>\n<meta property=\"og:locale\" content=\"es_ES\" \/>\n<meta property=\"og:type\" content=\"article\" \/>\n<meta property=\"og:title\" content=\"COCINITA MODULAR (M\u00d3DULO 1) - Seviclimb\" \/>\n<meta property=\"og:description\" content=\"COCINITA MODULAR (M\u00d3DULO 1) de madera, ideal para parques, patios y otras \u00e1reas de juego infantil. Contacta con nosotros y te asesoraremos.\" \/>\n<meta property=\"og:url\" content=\"https:\/\/www.seviclimb.cat\/es\/producto\/cocinita-modular-modulo-1\/\" \/>\n<meta property=\"og:site_name\" content=\"Seviclimb\" \/>\n<meta property=\"article:publisher\" content=\"https:\/\/www.facebook.com\/Seviclimb\/\" \/>\n<meta property=\"article:modified_time\" content=\"2024-01-18T10:33:22+00:00\" \/>\n<meta property=\"og:image\" content=\"https:\/\/www.seviclimb.cat\/wp-content\/uploads\/2021\/10\/IMG-20201209-WA0048.jpg\" \/>\n\t<meta property=\"og:image:width\" content=\"1196\" \/>\n\t<meta property=\"og:image:height\" content=\"1600\" \/>\n\t<meta property=\"og:image:type\" content=\"image\/jpeg\" \/>\n<meta name=\"twitter:card\" content=\"summary_large_image\" \/>\n<script type=\"application\/ld+json\" class=\"yoast-schema-graph\">{\"@context\":\"https:\/\/schema.org\",\"@graph\":[{\"@type\":\"WebPage\",\"@id\":\"https:\/\/www.seviclimb.cat\/es\/producto\/cocinita-modular-modulo-1\/\",\"url\":\"https:\/\/www.seviclimb.cat\/es\/producto\/cocinita-modular-modulo-1\/\",\"name\":\"COCINITA MODULAR (M\u00d3DULO 1) - Seviclimb\",\"isPartOf\":{\"@id\":\"https:\/\/www.seviclimb.cat\/es\/#website\"},\"primaryImageOfPage\":{\"@id\":\"https:\/\/www.seviclimb.cat\/es\/producto\/cocinita-modular-modulo-1\/#primaryimage\"},\"image\":{\"@id\":\"https:\/\/www.seviclimb.cat\/es\/producto\/cocinita-modular-modulo-1\/#primaryimage\"},\"thumbnailUrl\":\"https:\/\/www.seviclimb.cat\/wp-content\/uploads\/2021\/10\/IMG-20201209-WA0048.jpg\",\"datePublished\":\"2022-07-15T10:40:35+00:00\",\"dateModified\":\"2024-01-18T10:33:22+00:00\",\"description\":\"COCINITA MODULAR (M\u00d3DULO 1) de madera, ideal para parques, patios y otras \u00e1reas de juego infantil. Contacta con nosotros y te asesoraremos.\",\"breadcrumb\":{\"@id\":\"https:\/\/www.seviclimb.cat\/es\/producto\/cocinita-modular-modulo-1\/#breadcrumb\"},\"inLanguage\":\"es\",\"potentialAction\":[{\"@type\":\"ReadAction\",\"target\":[\"https:\/\/www.seviclimb.cat\/es\/producto\/cocinita-modular-modulo-1\/\"]}]},{\"@type\":\"ImageObject\",\"inLanguage\":\"es\",\"@id\":\"https:\/\/www.seviclimb.cat\/es\/producto\/cocinita-modular-modulo-1\/#primaryimage\",\"url\":\"https:\/\/www.seviclimb.cat\/wp-content\/uploads\/2021\/10\/IMG-20201209-WA0048.jpg\",\"contentUrl\":\"https:\/\/www.seviclimb.cat\/wp-content\/uploads\/2021\/10\/IMG-20201209-WA0048.jpg\",\"width\":1196,\"height\":1600},{\"@type\":\"BreadcrumbList\",\"@id\":\"https:\/\/www.seviclimb.cat\/es\/producto\/cocinita-modular-modulo-1\/#breadcrumb\",\"itemListElement\":[{\"@type\":\"ListItem\",\"position\":1,\"name\":\"Inici\",\"item\":\"https:\/\/www.seviclimb.cat\/es\/\"},{\"@type\":\"ListItem\",\"position\":2,\"name\":\"Cat\u00e1logo de productos\",\"item\":\"https:\/\/www.seviclimb.cat\/es\/catalogo\/\"},{\"@type\":\"ListItem\",\"position\":3,\"name\":\"COCINITA MODULAR (M\u00d3DULO 1)\"}]},{\"@type\":\"WebSite\",\"@id\":\"https:\/\/www.seviclimb.cat\/es\/#website\",\"url\":\"https:\/\/www.seviclimb.cat\/es\/\",\"name\":\"Seviclimb\",\"description\":\"\",\"publisher\":{\"@id\":\"https:\/\/www.seviclimb.cat\/es\/#organization\"},\"potentialAction\":[{\"@type\":\"SearchAction\",\"target\":{\"@type\":\"EntryPoint\",\"urlTemplate\":\"https:\/\/www.seviclimb.cat\/es\/?s={search_term_string}\"},\"query-input\":{\"@type\":\"PropertyValueSpecification\",\"valueRequired\":true,\"valueName\":\"search_term_string\"}}],\"inLanguage\":\"es\"},{\"@type\":\"Organization\",\"@id\":\"https:\/\/www.seviclimb.cat\/es\/#organization\",\"name\":\"Seviclimb\",\"url\":\"https:\/\/www.seviclimb.cat\/es\/\",\"logo\":{\"@type\":\"ImageObject\",\"inLanguage\":\"es\",\"@id\":\"https:\/\/www.seviclimb.cat\/es\/#\/schema\/logo\/image\/\",\"url\":\"https:\/\/www.seviclimb.cat\/wp-content\/uploads\/2021\/08\/logoseviclimb-color.png\",\"contentUrl\":\"https:\/\/www.seviclimb.cat\/wp-content\/uploads\/2021\/08\/logoseviclimb-color.png\",\"width\":1920,\"height\":1280,\"caption\":\"Seviclimb\"},\"image\":{\"@id\":\"https:\/\/www.seviclimb.cat\/es\/#\/schema\/logo\/image\/\"},\"sameAs\":[\"https:\/\/www.facebook.com\/Seviclimb\/\",\"https:\/\/www.instagram.com\/sevi_climb\/\"]}]}<\/script>\n<!-- \/ Yoast SEO plugin. -->","yoast_head_json":{"title":"COCINITA MODULAR (M\u00d3DULO 1) - Seviclimb","description":"COCINITA MODULAR (M\u00d3DULO 1) de madera, ideal para parques, patios y otras \u00e1reas de juego infantil. Contacta con nosotros y te asesoraremos.","robots":{"index":"index","follow":"follow","max-snippet":"max-snippet:-1","max-image-preview":"max-image-preview:large","max-video-preview":"max-video-preview:-1"},"canonical":"https:\/\/www.seviclimb.cat\/es\/producto\/cocinita-modular-modulo-1\/","og_locale":"es_ES","og_type":"article","og_title":"COCINITA MODULAR (M\u00d3DULO 1) - Seviclimb","og_description":"COCINITA MODULAR (M\u00d3DULO 1) de madera, ideal para parques, patios y otras \u00e1reas de juego infantil. Contacta con nosotros y te asesoraremos.","og_url":"https:\/\/www.seviclimb.cat\/es\/producto\/cocinita-modular-modulo-1\/","og_site_name":"Seviclimb","article_publisher":"https:\/\/www.facebook.com\/Seviclimb\/","article_modified_time":"2024-01-18T10:33:22+00:00","og_image":[{"width":1196,"height":1600,"url":"https:\/\/www.seviclimb.cat\/wp-content\/uploads\/2021\/10\/IMG-20201209-WA0048.jpg","type":"image\/jpeg"}],"twitter_card":"summary_large_image","schema":{"@context":"https:\/\/schema.org","@graph":[{"@type":"WebPage","@id":"https:\/\/www.seviclimb.cat\/es\/producto\/cocinita-modular-modulo-1\/","url":"https:\/\/www.seviclimb.cat\/es\/producto\/cocinita-modular-modulo-1\/","name":"COCINITA MODULAR (M\u00d3DULO 1) - Seviclimb","isPartOf":{"@id":"https:\/\/www.seviclimb.cat\/es\/#website"},"primaryImageOfPage":{"@id":"https:\/\/www.seviclimb.cat\/es\/producto\/cocinita-modular-modulo-1\/#primaryimage"},"image":{"@id":"https:\/\/www.seviclimb.cat\/es\/producto\/cocinita-modular-modulo-1\/#primaryimage"},"thumbnailUrl":"https:\/\/www.seviclimb.cat\/wp-content\/uploads\/2021\/10\/IMG-20201209-WA0048.jpg","datePublished":"2022-07-15T10:40:35+00:00","dateModified":"2024-01-18T10:33:22+00:00","description":"COCINITA MODULAR (M\u00d3DULO 1) de madera, ideal para parques, patios y otras \u00e1reas de juego infantil. Contacta con nosotros y te asesoraremos.","breadcrumb":{"@id":"https:\/\/www.seviclimb.cat\/es\/producto\/cocinita-modular-modulo-1\/#breadcrumb"},"inLanguage":"es","potentialAction":[{"@type":"ReadAction","target":["https:\/\/www.seviclimb.cat\/es\/producto\/cocinita-modular-modulo-1\/"]}]},{"@type":"ImageObject","inLanguage":"es","@id":"https:\/\/www.seviclimb.cat\/es\/producto\/cocinita-modular-modulo-1\/#primaryimage","url":"https:\/\/www.seviclimb.cat\/wp-content\/uploads\/2021\/10\/IMG-20201209-WA0048.jpg","contentUrl":"https:\/\/www.seviclimb.cat\/wp-content\/uploads\/2021\/10\/IMG-20201209-WA0048.jpg","width":1196,"height":1600},{"@type":"BreadcrumbList","@id":"https:\/\/www.seviclimb.cat\/es\/producto\/cocinita-modular-modulo-1\/#breadcrumb","itemListElement":[{"@type":"ListItem","position":1,"name":"Inici","item":"https:\/\/www.seviclimb.cat\/es\/"},{"@type":"ListItem","position":2,"name":"Cat\u00e1logo de productos","item":"https:\/\/www.seviclimb.cat\/es\/catalogo\/"},{"@type":"ListItem","position":3,"name":"COCINITA MODULAR (M\u00d3DULO 1)"}]},{"@type":"WebSite","@id":"https:\/\/www.seviclimb.cat\/es\/#website","url":"https:\/\/www.seviclimb.cat\/es\/","name":"Seviclimb","description":"","publisher":{"@id":"https:\/\/www.seviclimb.cat\/es\/#organization"},"potentialAction":[{"@type":"SearchAction","target":{"@type":"EntryPoint","urlTemplate":"https:\/\/www.seviclimb.cat\/es\/?s={search_term_string}"},"query-input":{"@type":"PropertyValueSpecification","valueRequired":true,"valueName":"search_term_string"}}],"inLanguage":"es"},{"@type":"Organization","@id":"https:\/\/www.seviclimb.cat\/es\/#organization","name":"Seviclimb","url":"https:\/\/www.seviclimb.cat\/es\/","logo":{"@type":"ImageObject","inLanguage":"es","@id":"https:\/\/www.seviclimb.cat\/es\/#\/schema\/logo\/image\/","url":"https:\/\/www.seviclimb.cat\/wp-content\/uploads\/2021\/08\/logoseviclimb-color.png","contentUrl":"https:\/\/www.seviclimb.cat\/wp-content\/uploads\/2021\/08\/logoseviclimb-color.png","width":1920,"height":1280,"caption":"Seviclimb"},"image":{"@id":"https:\/\/www.seviclimb.cat\/es\/#\/schema\/logo\/image\/"},"sameAs":["https:\/\/www.facebook.com\/Seviclimb\/","https:\/\/www.instagram.com\/sevi_climb\/"]}]}},"_links":{"self":[{"href":"https:\/\/www.seviclimb.cat\/es\/wp-json\/wp\/v2\/product\/2992","targetHints":{"allow":["GET"]}}],"collection":[{"href":"https:\/\/www.seviclimb.cat\/es\/wp-json\/wp\/v2\/product"}],"about":[{"href":"https:\/\/www.seviclimb.cat\/es\/wp-json\/wp\/v2\/types\/product"}],"wp:featuredmedia":[{"embeddable":true,"href":"https:\/\/www.seviclimb.cat\/es\/wp-json\/wp\/v2\/media\/1259"}],"wp:attachment":[{"href":"https:\/\/www.seviclimb.cat\/es\/wp-json\/wp\/v2\/media?parent=2992"}],"wp:term":[{"taxonomy":"product_brand","embeddable":true,"href":"https:\/\/www.seviclimb.cat\/es\/wp-json\/wp\/v2\/product_brand?post=2992"},{"taxonomy":"product_cat","embeddable":true,"href":"https:\/\/www.seviclimb.cat\/es\/wp-json\/wp\/v2\/product_cat?post=2992"},{"taxonomy":"product_tag","embeddable":true,"href":"https:\/\/www.seviclimb.cat\/es\/wp-json\/wp\/v2\/product_tag?post=2992"}],"curies":[{"name":"wp","href":"https:\/\/api.w.org\/{rel}","templated":true}]}}