{"id":3447,"date":"2022-11-23T10:33:05","date_gmt":"2022-11-23T08:33:05","guid":{"rendered":"https:\/\/www.seviclimb.cat\/avis-legal\/"},"modified":"2026-03-25T14:36:24","modified_gmt":"2026-03-25T12:36:24","slug":"aviso-legal","status":"publish","type":"page","link":"https:\/\/www.seviclimb.cat\/es\/aviso-legal\/","title":{"rendered":"Aviso legal"},"content":{"rendered":"<p>[vc_row css_animation=\u00bb\u00bb row_type=\u00bbrow\u00bb use_row_as_full_screen_section=\u00bbno\u00bb type=\u00bbfull_width\u00bb angled_section=\u00bbno\u00bb text_align=\u00bbleft\u00bb background_image_as_pattern=\u00bbwithout_pattern\u00bb][vc_column][vc_column_text]<\/p>\n<h1 style=\"text-align: center;\">AVISO LEGAL<\/h1>\n<p>El prop\u00f3sito de este Aviso Legal es informar a los usuarios de www.seviclimb.cat, domiciliada en C\/Barcelona, 37, la raz\u00f3n social del Responsable de tratamiento es SEVIMA SOLDADORS, S.L. (SEVICLIMB), de quien es su pol\u00edtica de protecci\u00f3n de privacidad y confidencialidad de los datos de car\u00e1cter personal que sus usuarios facilitan de forma libre y voluntaria.<\/p>\n<p>SEVIMA SOLDADORS, S.L. (SEVICLIMB) pone en conocimiento que dispone de sus datos de car\u00e1cter personal especificadas en el correspondiente registro de actividades del tratamiento de la empresa denominada Gesti\u00f3n de Usuarios Web.<\/p>\n<p>La base legal para el tratamiento de sus datos es el consentimiento obtenido del propio titular del tratamiento en el momento de complimentar nuestro formulario online y aceptar de forma expresa el mismo.<\/p>\n<p>La finalidad de la creaci\u00f3n, existencia y mantenimiento es el tratamiento de la informaci\u00f3n con les exclusivas finalidades de poder hacer efectiva la solicitud de informaci\u00f3n que se realiza a trav\u00e9s de esta v\u00eda.<\/p>\n<p>Los destinatarios de la informaci\u00f3n son todos los departamentos, compartimentos, locales y entidades asociadas en los cuales se organizan SEVIMA SOLDADORS, S.L. (SEVICLIMB). y no ser\u00e1n cedidos a ning\u00fan tercero excepto en los casos que existe una obligaci\u00f3n legal.<\/p>\n<p>En todo caso, usted tiene derecho a obtener la confirmaci\u00f3n sobre si en SEVIMA SOLDADORS, S.L. (SEVICLIMB), estamos tratando sus datos personales por tano tiene derecho a acceder a sus datos personales, rectificar los datos inexactos o solicitar su supresi\u00f3n cuando la informaci\u00f3n ya no sea necesaria.<\/p>\n<p>Todos los campos del formulario on-line marcados con un asterisco son de obligada complimentaci\u00f3n para poder hacer efectiva su solicitud de informaci\u00f3n.<\/p>\n<p>La Web <a href=\"https:\/\/www.seviclimb.cat\/es\/\">www.seviclimb.cat<\/a>\u00a0 ha adoptado las medidas de \u00edndole t\u00e9cnica y organizativas necesarias, seg\u00fan el nivel de seguridad de protecci\u00f3n de datos que corresponda legalmente, para garantizar la seguridad del tratamiento de datos de car\u00e1cter personal que constituye su tratamiento automatizado. No obstante esto, el usuario debe ser consciente que en la actualidad las medidas de seguridad en Internet no son imprevisibles y por tanto no estan exentas de posibles intromisiones ilegales e indebidas que no ser\u00edan responsabilidad de SEVIMA SOLDADORS, S.L. (SEVICLIMB), ya que ha actuado con la diligencia debida para proteger los datos conforme determina la ley.<\/p>\n<p>La Web <a href=\"https:\/\/www.seviclimb.cat\/es\/\">www.seviclimb.cat<\/a> utiliza cookies u otros procedimientos similares con finalidades meramente estad\u00edsticas. Estas informaciones se capturan de forma autom\u00e1tica y an\u00f3nima, de manera que no es posible identificar individualmente a ning\u00fan usuario. Los usuarios pueden impedir el funcionamiento de las cookies mediante las opciones que todos los navegadores ponen a su disposici\u00f3n. Se recomienda a los usuarios que deseen desactivar las cookies que consulten los sistemas de ayuda de los navegadores que utilizan.<\/p>\n<p>La Web <a href=\"https:\/\/www.seviclimb.cat\/es\/\">www.seviclimb.cat<\/a> har\u00e1 todo lo posible porque su informaci\u00f3n est\u00e9 sempre actualizada. No obstante, la responsabilidad sobre la calidad de los datos depende del titular de las mismas, de aqu\u00ed que si existe una modificaci\u00f3n de los datos, el usuario de la web les comunicar\u00e1 al Responsable del Tratamiento, declinando toda responsabilidad en caso que ometa su obligaci\u00f3n de notificar los cambios.<\/p>\n<p>La prestaci\u00f3n del servicio de esta web y las presentes condiciones de uso del sitio web se rigen por la Ley Espa\u00f1ola. Para cualquier discrepancia en la ejecuci\u00f3n, interpretaci\u00f3n, cumplimiento de estas condiciones, las partes se someten a los Juzgados y Tribunales competentes.[\/vc_column_text][vc_empty_space height=\u00bb50px\u00bb][\/vc_column][\/vc_row]<\/p>\n","protected":false},"excerpt":{"rendered":"<p>[vc_row css_animation=\u00bb\u00bb row_type=\u00bbrow\u00bb use_row_as_full_screen_section=\u00bbno\u00bb type=\u00bbfull_width\u00bb angled_section=\u00bbno\u00bb text_align=\u00bbleft\u00bb background_image_as_pattern=\u00bbwithout_pattern\u00bb][vc_column][vc_column_text] AVISO LEGAL&#8230;<\/p>\n","protected":false},"author":1,"featured_media":0,"parent":0,"menu_order":0,"comment_status":"closed","ping_status":"closed","template":"","meta":{"_acf_changed":false,"footnotes":""},"class_list":["post-3447","page","type-page","status-publish","hentry"],"acf":[],"yoast_head":"<!-- This site is optimized with the Yoast SEO plugin v27.1.1 - https:\/\/yoast.com\/product\/yoast-seo-wordpress\/ -->\n<title>Aviso legal - Seviclimb<\/title>\n<meta name=\"description\" content=\"P\u00e1gina del aviso legal del sitio web de Seviclimb.\" \/>\n<meta name=\"robots\" content=\"index, follow, max-snippet:-1, max-image-preview:large, max-video-preview:-1\" \/>\n<link rel=\"canonical\" href=\"https:\/\/www.seviclimb.cat\/es\/aviso-legal\/\" \/>\n<meta property=\"og:locale\" content=\"es_ES\" \/>\n<meta property=\"og:type\" content=\"article\" \/>\n<meta property=\"og:title\" content=\"Aviso legal - Seviclimb\" \/>\n<meta property=\"og:description\" content=\"P\u00e1gina del aviso legal del sitio web de Seviclimb.\" \/>\n<meta property=\"og:url\" content=\"https:\/\/www.seviclimb.cat\/es\/aviso-legal\/\" \/>\n<meta property=\"og:site_name\" content=\"Seviclimb\" \/>\n<meta property=\"article:publisher\" content=\"https:\/\/www.facebook.com\/Seviclimb\/\" \/>\n<meta property=\"article:modified_time\" content=\"2026-03-25T12:36:24+00:00\" \/>\n<meta property=\"og:image\" content=\"https:\/\/www.seviclimb.cat\/wp-content\/uploads\/2024\/08\/logoseviclimb-color.png.webp\" \/>\n\t<meta property=\"og:image:width\" content=\"1920\" \/>\n\t<meta property=\"og:image:height\" content=\"1280\" \/>\n\t<meta property=\"og:image:type\" content=\"image\/webp\" \/>\n<meta name=\"twitter:card\" content=\"summary_large_image\" \/>\n<meta name=\"twitter:label1\" content=\"Tiempo de lectura\" \/>\n\t<meta name=\"twitter:data1\" content=\"3 minutos\" \/>\n<script type=\"application\/ld+json\" class=\"yoast-schema-graph\">{\"@context\":\"https:\/\/schema.org\",\"@graph\":[{\"@type\":\"WebPage\",\"@id\":\"https:\/\/www.seviclimb.cat\/es\/aviso-legal\/\",\"url\":\"https:\/\/www.seviclimb.cat\/es\/aviso-legal\/\",\"name\":\"Aviso legal - Seviclimb\",\"isPartOf\":{\"@id\":\"https:\/\/www.seviclimb.cat\/es\/#website\"},\"datePublished\":\"2022-11-23T08:33:05+00:00\",\"dateModified\":\"2026-03-25T12:36:24+00:00\",\"description\":\"P\u00e1gina del aviso legal del sitio web de Seviclimb.\",\"breadcrumb\":{\"@id\":\"https:\/\/www.seviclimb.cat\/es\/aviso-legal\/#breadcrumb\"},\"inLanguage\":\"es\",\"potentialAction\":[{\"@type\":\"ReadAction\",\"target\":[\"https:\/\/www.seviclimb.cat\/es\/aviso-legal\/\"]}]},{\"@type\":\"BreadcrumbList\",\"@id\":\"https:\/\/www.seviclimb.cat\/es\/aviso-legal\/#breadcrumb\",\"itemListElement\":[{\"@type\":\"ListItem\",\"position\":1,\"name\":\"Inici\",\"item\":\"https:\/\/www.seviclimb.cat\/es\/\"},{\"@type\":\"ListItem\",\"position\":2,\"name\":\"Aviso legal\"}]},{\"@type\":\"WebSite\",\"@id\":\"https:\/\/www.seviclimb.cat\/es\/#website\",\"url\":\"https:\/\/www.seviclimb.cat\/es\/\",\"name\":\"Seviclimb\",\"description\":\"\",\"publisher\":{\"@id\":\"https:\/\/www.seviclimb.cat\/es\/#organization\"},\"potentialAction\":[{\"@type\":\"SearchAction\",\"target\":{\"@type\":\"EntryPoint\",\"urlTemplate\":\"https:\/\/www.seviclimb.cat\/es\/?s={search_term_string}\"},\"query-input\":{\"@type\":\"PropertyValueSpecification\",\"valueRequired\":true,\"valueName\":\"search_term_string\"}}],\"inLanguage\":\"es\"},{\"@type\":\"Organization\",\"@id\":\"https:\/\/www.seviclimb.cat\/es\/#organization\",\"name\":\"Seviclimb\",\"url\":\"https:\/\/www.seviclimb.cat\/es\/\",\"logo\":{\"@type\":\"ImageObject\",\"inLanguage\":\"es\",\"@id\":\"https:\/\/www.seviclimb.cat\/es\/#\/schema\/logo\/image\/\",\"url\":\"https:\/\/www.seviclimb.cat\/wp-content\/uploads\/2021\/08\/logoseviclimb-color.png\",\"contentUrl\":\"https:\/\/www.seviclimb.cat\/wp-content\/uploads\/2021\/08\/logoseviclimb-color.png\",\"width\":1920,\"height\":1280,\"caption\":\"Seviclimb\"},\"image\":{\"@id\":\"https:\/\/www.seviclimb.cat\/es\/#\/schema\/logo\/image\/\"},\"sameAs\":[\"https:\/\/www.facebook.com\/Seviclimb\/\",\"https:\/\/www.instagram.com\/sevi_climb\/\"]}]}<\/script>\n<!-- \/ Yoast SEO plugin. -->","yoast_head_json":{"title":"Aviso legal - Seviclimb","description":"P\u00e1gina del aviso legal del sitio web de Seviclimb.","robots":{"index":"index","follow":"follow","max-snippet":"max-snippet:-1","max-image-preview":"max-image-preview:large","max-video-preview":"max-video-preview:-1"},"canonical":"https:\/\/www.seviclimb.cat\/es\/aviso-legal\/","og_locale":"es_ES","og_type":"article","og_title":"Aviso legal - Seviclimb","og_description":"P\u00e1gina del aviso legal del sitio web de Seviclimb.","og_url":"https:\/\/www.seviclimb.cat\/es\/aviso-legal\/","og_site_name":"Seviclimb","article_publisher":"https:\/\/www.facebook.com\/Seviclimb\/","article_modified_time":"2026-03-25T12:36:24+00:00","og_image":[{"width":1920,"height":1280,"url":"https:\/\/www.seviclimb.cat\/wp-content\/uploads\/2024\/08\/logoseviclimb-color.png.webp","type":"image\/webp"}],"twitter_card":"summary_large_image","twitter_misc":{"Tiempo de lectura":"3 minutos"},"schema":{"@context":"https:\/\/schema.org","@graph":[{"@type":"WebPage","@id":"https:\/\/www.seviclimb.cat\/es\/aviso-legal\/","url":"https:\/\/www.seviclimb.cat\/es\/aviso-legal\/","name":"Aviso legal - Seviclimb","isPartOf":{"@id":"https:\/\/www.seviclimb.cat\/es\/#website"},"datePublished":"2022-11-23T08:33:05+00:00","dateModified":"2026-03-25T12:36:24+00:00","description":"P\u00e1gina del aviso legal del sitio web de Seviclimb.","breadcrumb":{"@id":"https:\/\/www.seviclimb.cat\/es\/aviso-legal\/#breadcrumb"},"inLanguage":"es","potentialAction":[{"@type":"ReadAction","target":["https:\/\/www.seviclimb.cat\/es\/aviso-legal\/"]}]},{"@type":"BreadcrumbList","@id":"https:\/\/www.seviclimb.cat\/es\/aviso-legal\/#breadcrumb","itemListElement":[{"@type":"ListItem","position":1,"name":"Inici","item":"https:\/\/www.seviclimb.cat\/es\/"},{"@type":"ListItem","position":2,"name":"Aviso legal"}]},{"@type":"WebSite","@id":"https:\/\/www.seviclimb.cat\/es\/#website","url":"https:\/\/www.seviclimb.cat\/es\/","name":"Seviclimb","description":"","publisher":{"@id":"https:\/\/www.seviclimb.cat\/es\/#organization"},"potentialAction":[{"@type":"SearchAction","target":{"@type":"EntryPoint","urlTemplate":"https:\/\/www.seviclimb.cat\/es\/?s={search_term_string}"},"query-input":{"@type":"PropertyValueSpecification","valueRequired":true,"valueName":"search_term_string"}}],"inLanguage":"es"},{"@type":"Organization","@id":"https:\/\/www.seviclimb.cat\/es\/#organization","name":"Seviclimb","url":"https:\/\/www.seviclimb.cat\/es\/","logo":{"@type":"ImageObject","inLanguage":"es","@id":"https:\/\/www.seviclimb.cat\/es\/#\/schema\/logo\/image\/","url":"https:\/\/www.seviclimb.cat\/wp-content\/uploads\/2021\/08\/logoseviclimb-color.png","contentUrl":"https:\/\/www.seviclimb.cat\/wp-content\/uploads\/2021\/08\/logoseviclimb-color.png","width":1920,"height":1280,"caption":"Seviclimb"},"image":{"@id":"https:\/\/www.seviclimb.cat\/es\/#\/schema\/logo\/image\/"},"sameAs":["https:\/\/www.facebook.com\/Seviclimb\/","https:\/\/www.instagram.com\/sevi_climb\/"]}]}},"_links":{"self":[{"href":"https:\/\/www.seviclimb.cat\/es\/wp-json\/wp\/v2\/pages\/3447","targetHints":{"allow":["GET"]}}],"collection":[{"href":"https:\/\/www.seviclimb.cat\/es\/wp-json\/wp\/v2\/pages"}],"about":[{"href":"https:\/\/www.seviclimb.cat\/es\/wp-json\/wp\/v2\/types\/page"}],"author":[{"embeddable":true,"href":"https:\/\/www.seviclimb.cat\/es\/wp-json\/wp\/v2\/users\/1"}],"replies":[{"embeddable":true,"href":"https:\/\/www.seviclimb.cat\/es\/wp-json\/wp\/v2\/comments?post=3447"}],"version-history":[{"count":5,"href":"https:\/\/www.seviclimb.cat\/es\/wp-json\/wp\/v2\/pages\/3447\/revisions"}],"predecessor-version":[{"id":6068,"href":"https:\/\/www.seviclimb.cat\/es\/wp-json\/wp\/v2\/pages\/3447\/revisions\/6068"}],"wp:attachment":[{"href":"https:\/\/www.seviclimb.cat\/es\/wp-json\/wp\/v2\/media?parent=3447"}],"curies":[{"name":"wp","href":"https:\/\/api.w.org\/{rel}","templated":true}]}}