{"id":2026,"date":"2022-03-21T12:36:42","date_gmt":"2022-03-21T10:36:42","guid":{"rendered":"https:\/\/www.seviclimb.cat\/?page_id=2026"},"modified":"2025-10-27T13:51:49","modified_gmt":"2025-10-27T11:51:49","slug":"contacte","status":"publish","type":"page","link":"https:\/\/www.seviclimb.cat\/es\/contacte\/","title":{"rendered":"Contacto"},"content":{"rendered":"<p>[vc_row css_animation=\u00bb\u00bb row_type=\u00bbrow\u00bb use_row_as_full_screen_section=\u00bbno\u00bb type=\u00bbgrid\u00bb angled_section=\u00bbno\u00bb text_align=\u00bbleft\u00bb background_image_as_pattern=\u00bbwithout_pattern\u00bb padding_top=\u00bb116&#8243; padding_bottom=\u00bb108&#8243; z_index=\u00bb\u00bb][vc_column offset=\u00bbvc_col-md-4&#8243;][qode_elements_holder number_of_columns=\u00bbone_column\u00bb][qode_elements_holder_item advanced_animations=\u00bbno\u00bb item_padding=\u00bb0 0 0 0&#8243; item_padding_600_768=\u00bb0 0 50px 0&#8243; item_padding_480_600=\u00bb0 0 50px 0&#8243; item_padding_480=\u00bb0 0 50px 0&#8243;][vc_column_text]<\/p>\n<h2>Contacta con Seviclimb<\/h2>\n<p>[\/vc_column_text][vc_separator type=\u00bbsmall\u00bb position=\u00bbleft\u00bb color=\u00bb#0a0a0a\u00bb transparency=\u00bb1&#8243; thickness=\u00bb1&#8243; width=\u00bb63&#8243; up=\u00bb19&#8243; down=\u00bb30&#8243;][vc_column_text]Email: <a href=\"mailto:seviclimb@seviclimb.cat\">\u00a0seviclimb@seviclimb.cat<\/a><br \/>\nTel\u00e9fono: +34 669 584 345<\/p>\n<p><a href=\"https:\/\/www.seviclimb.cat\/wp-content\/uploads\/2023\/04\/POLITICA-DE-CALIDAD-Y-MEDIO-AMBIENTE.pdf\" target=\"_blank\" rel=\"noopener\">Descargar POLITICA DE CALIDAD Y MEDIOAMBIENTE<\/a>[\/vc_column_text][\/qode_elements_holder_item][\/qode_elements_holder][\/vc_column][vc_column offset=\u00bbvc_col-md-8&#8243;][qode_elements_holder number_of_columns=\u00bbone_column\u00bb][qode_elements_holder_item advanced_animations=\u00bbno\u00bb item_padding=\u00bb13px 0 0 0&#8243; item_padding_1024_1280=\u00bb0px 0 0 0&#8243; item_padding_768_1024=\u00bb0px 0 0 0&#8243;]\n<div class=\"wpcf7 no-js\" id=\"wpcf7-f110-o1\" lang=\"ca\" dir=\"ltr\" data-wpcf7-id=\"110\">\n<div class=\"screen-reader-response\"><p role=\"status\" aria-live=\"polite\" aria-atomic=\"true\"><\/p> <ul><\/ul><\/div>\n<form action=\"\/es\/wp-json\/wp\/v2\/pages\/2026#wpcf7-f110-o1\" method=\"post\" class=\"wpcf7-form init cf7_custom_style_2 wpcf7-acceptance-as-validation\" aria-label=\"Formulari de contacte\" novalidate=\"novalidate\" data-status=\"init\">\n<fieldset class=\"hidden-fields-container\"><input type=\"hidden\" name=\"_wpcf7\" value=\"110\" \/><input type=\"hidden\" name=\"_wpcf7_version\" value=\"6.1.5\" \/><input type=\"hidden\" name=\"_wpcf7_locale\" value=\"ca\" \/><input type=\"hidden\" name=\"_wpcf7_unit_tag\" value=\"wpcf7-f110-o1\" \/><input type=\"hidden\" name=\"_wpcf7_container_post\" value=\"0\" \/><input type=\"hidden\" name=\"_wpcf7_posted_data_hash\" value=\"\" \/><input type=\"hidden\" name=\"_wpcf7_recaptcha_response\" value=\"\" \/>\n<\/fieldset>\n<div>\n\t<p><span class=\"wpcf7-form-control-wrap\" data-name=\"your-name\"><input size=\"40\" maxlength=\"400\" class=\"wpcf7-form-control wpcf7-text\" aria-invalid=\"false\" placeholder=\"Nom*\" value=\"\" type=\"text\" name=\"your-name\" \/><\/span>\n\t<\/p>\n<\/div>\n<div>\n\t<p><span class=\"wpcf7-form-control-wrap\" data-name=\"your-email\"><input size=\"40\" maxlength=\"400\" class=\"wpcf7-form-control wpcf7-text\" aria-invalid=\"false\" placeholder=\"Email*\" value=\"\" type=\"text\" name=\"your-email\" \/><\/span>\n\t<\/p>\n<\/div>\n<div>\n\t<p><span class=\"wpcf7-form-control-wrap\" data-name=\"your-message\"><textarea cols=\"40\" rows=\"10\" maxlength=\"2000\" class=\"wpcf7-form-control wpcf7-textarea\" aria-invalid=\"false\" placeholder=\"Missatge\" name=\"your-message\"><\/textarea><\/span>\n\t<\/p>\n<\/div>\n<p>En nom de SEVIMA SOLDADORS, S.L.(SEVICLIMB) propiet\u00e0ria del domini web www.seviclimb.cat i en virtut del que estableix el Reglament General de Protecci\u00f3 de Dades (UE 1679\/2016) els informem que tractem les dades que ens facilita en el present formulari per tal de poder fer efectiva la seva sol\u00b7licitud d'informaci\u00f3. Les dades proporcionades es conservaran mentre es realitza el processament de la seva sol\u00b7licitud i se li d\u00f3na resposta. Vost\u00e8 t\u00e9 dret a obtenir confirmaci\u00f3 sobre si a SEVIMA SOLDADORS, S.L. (SEVICLIMB) estem tractant les seves dades personals per tant t\u00e9 dret a accedir a les seves dades personals, rectificar les inexactes o sol\u00b7licitar-ne la seva supressi\u00f3 quan ja no siguin necessaries.\n<\/p>\n<p><span class=\"wpcf7-form-control-wrap\" data-name=\"acceptar\"><span class=\"wpcf7-form-control wpcf7-acceptance\"><span class=\"wpcf7-list-item\"><label><input type=\"checkbox\" name=\"acceptar\" value=\"1\" aria-invalid=\"false\" \/><span class=\"wpcf7-list-item-label\">Informat i conforme.<\/span><\/label><\/span><\/span><\/span><br \/>\n<input class=\"wpcf7-form-control wpcf7-submit has-spinner\" type=\"submit\" value=\"Enviar\" \/>\n<\/p><div class=\"wpcf7-response-output\" aria-hidden=\"true\"><\/div>\n<\/form>\n<\/div>\n[\/qode_elements_holder_item][\/qode_elements_holder][\/vc_column][\/vc_row]<\/p>\n","protected":false},"excerpt":{"rendered":"<p>[vc_row css_animation=\u00bb\u00bb row_type=\u00bbrow\u00bb use_row_as_full_screen_section=\u00bbno\u00bb type=\u00bbgrid\u00bb angled_section=\u00bbno\u00bb text_align=\u00bbleft\u00bb background_image_as_pattern=\u00bbwithout_pattern\u00bb padding_top=\u00bb116&#8243; padding_bottom=\u00bb108&#8243;&#8230;<\/p>\n","protected":false},"author":1,"featured_media":0,"parent":0,"menu_order":0,"comment_status":"closed","ping_status":"closed","template":"full_width.php","meta":{"_acf_changed":false,"footnotes":""},"class_list":["post-2026","page","type-page","status-publish","hentry"],"acf":[],"yoast_head":"<!-- This site is optimized with the Yoast SEO plugin v27.1.1 - https:\/\/yoast.com\/product\/yoast-seo-wordpress\/ -->\n<title>Contacto - Seviclimb<\/title>\n<meta name=\"description\" content=\"\u00bfTienes alguna duda o quieres pedir informaci\u00f3n acerca de alguno de nuestros productos? Contacta con nosotros y lo resolveremos.\" \/>\n<meta name=\"robots\" content=\"index, follow, max-snippet:-1, max-image-preview:large, max-video-preview:-1\" \/>\n<link rel=\"canonical\" href=\"https:\/\/www.seviclimb.cat\/es\/contacte\/\" \/>\n<meta property=\"og:locale\" content=\"es_ES\" \/>\n<meta property=\"og:type\" content=\"article\" \/>\n<meta property=\"og:title\" content=\"Contacto - Seviclimb\" \/>\n<meta property=\"og:description\" content=\"\u00bfTienes alguna duda o quieres pedir informaci\u00f3n acerca de alguno de nuestros productos? Contacta con nosotros y lo resolveremos.\" \/>\n<meta property=\"og:url\" content=\"https:\/\/www.seviclimb.cat\/es\/contacte\/\" \/>\n<meta property=\"og:site_name\" content=\"Seviclimb\" \/>\n<meta property=\"article:publisher\" content=\"https:\/\/www.facebook.com\/Seviclimb\/\" \/>\n<meta property=\"article:modified_time\" content=\"2025-10-27T11:51:49+00:00\" \/>\n<meta property=\"og:image\" content=\"https:\/\/www.seviclimb.cat\/wp-content\/uploads\/2024\/08\/logoseviclimb-color.png.webp\" \/>\n\t<meta property=\"og:image:width\" content=\"1920\" \/>\n\t<meta property=\"og:image:height\" content=\"1280\" \/>\n\t<meta property=\"og:image:type\" content=\"image\/webp\" \/>\n<meta name=\"twitter:card\" content=\"summary_large_image\" \/>\n<meta name=\"twitter:label1\" content=\"Tiempo de lectura\" \/>\n\t<meta name=\"twitter:data1\" content=\"1 minuto\" \/>\n<script type=\"application\/ld+json\" class=\"yoast-schema-graph\">{\"@context\":\"https:\/\/schema.org\",\"@graph\":[{\"@type\":\"WebPage\",\"@id\":\"https:\/\/www.seviclimb.cat\/es\/contacte\/\",\"url\":\"https:\/\/www.seviclimb.cat\/es\/contacte\/\",\"name\":\"Contacto - Seviclimb\",\"isPartOf\":{\"@id\":\"https:\/\/www.seviclimb.cat\/es\/#website\"},\"datePublished\":\"2022-03-21T10:36:42+00:00\",\"dateModified\":\"2025-10-27T11:51:49+00:00\",\"description\":\"\u00bfTienes alguna duda o quieres pedir informaci\u00f3n acerca de alguno de nuestros productos? Contacta con nosotros y lo resolveremos.\",\"breadcrumb\":{\"@id\":\"https:\/\/www.seviclimb.cat\/es\/contacte\/#breadcrumb\"},\"inLanguage\":\"es\",\"potentialAction\":[{\"@type\":\"ReadAction\",\"target\":[\"https:\/\/www.seviclimb.cat\/es\/contacte\/\"]}]},{\"@type\":\"BreadcrumbList\",\"@id\":\"https:\/\/www.seviclimb.cat\/es\/contacte\/#breadcrumb\",\"itemListElement\":[{\"@type\":\"ListItem\",\"position\":1,\"name\":\"Inici\",\"item\":\"https:\/\/www.seviclimb.cat\/es\/\"},{\"@type\":\"ListItem\",\"position\":2,\"name\":\"Contacto\"}]},{\"@type\":\"WebSite\",\"@id\":\"https:\/\/www.seviclimb.cat\/es\/#website\",\"url\":\"https:\/\/www.seviclimb.cat\/es\/\",\"name\":\"Seviclimb\",\"description\":\"\",\"publisher\":{\"@id\":\"https:\/\/www.seviclimb.cat\/es\/#organization\"},\"potentialAction\":[{\"@type\":\"SearchAction\",\"target\":{\"@type\":\"EntryPoint\",\"urlTemplate\":\"https:\/\/www.seviclimb.cat\/es\/?s={search_term_string}\"},\"query-input\":{\"@type\":\"PropertyValueSpecification\",\"valueRequired\":true,\"valueName\":\"search_term_string\"}}],\"inLanguage\":\"es\"},{\"@type\":\"Organization\",\"@id\":\"https:\/\/www.seviclimb.cat\/es\/#organization\",\"name\":\"Seviclimb\",\"url\":\"https:\/\/www.seviclimb.cat\/es\/\",\"logo\":{\"@type\":\"ImageObject\",\"inLanguage\":\"es\",\"@id\":\"https:\/\/www.seviclimb.cat\/es\/#\/schema\/logo\/image\/\",\"url\":\"https:\/\/www.seviclimb.cat\/wp-content\/uploads\/2021\/08\/logoseviclimb-color.png\",\"contentUrl\":\"https:\/\/www.seviclimb.cat\/wp-content\/uploads\/2021\/08\/logoseviclimb-color.png\",\"width\":1920,\"height\":1280,\"caption\":\"Seviclimb\"},\"image\":{\"@id\":\"https:\/\/www.seviclimb.cat\/es\/#\/schema\/logo\/image\/\"},\"sameAs\":[\"https:\/\/www.facebook.com\/Seviclimb\/\",\"https:\/\/www.instagram.com\/sevi_climb\/\"]}]}<\/script>\n<!-- \/ Yoast SEO plugin. -->","yoast_head_json":{"title":"Contacto - Seviclimb","description":"\u00bfTienes alguna duda o quieres pedir informaci\u00f3n acerca de alguno de nuestros productos? Contacta con nosotros y lo resolveremos.","robots":{"index":"index","follow":"follow","max-snippet":"max-snippet:-1","max-image-preview":"max-image-preview:large","max-video-preview":"max-video-preview:-1"},"canonical":"https:\/\/www.seviclimb.cat\/es\/contacte\/","og_locale":"es_ES","og_type":"article","og_title":"Contacto - Seviclimb","og_description":"\u00bfTienes alguna duda o quieres pedir informaci\u00f3n acerca de alguno de nuestros productos? Contacta con nosotros y lo resolveremos.","og_url":"https:\/\/www.seviclimb.cat\/es\/contacte\/","og_site_name":"Seviclimb","article_publisher":"https:\/\/www.facebook.com\/Seviclimb\/","article_modified_time":"2025-10-27T11:51:49+00:00","og_image":[{"width":1920,"height":1280,"url":"https:\/\/www.seviclimb.cat\/wp-content\/uploads\/2024\/08\/logoseviclimb-color.png.webp","type":"image\/webp"}],"twitter_card":"summary_large_image","twitter_misc":{"Tiempo de lectura":"1 minuto"},"schema":{"@context":"https:\/\/schema.org","@graph":[{"@type":"WebPage","@id":"https:\/\/www.seviclimb.cat\/es\/contacte\/","url":"https:\/\/www.seviclimb.cat\/es\/contacte\/","name":"Contacto - Seviclimb","isPartOf":{"@id":"https:\/\/www.seviclimb.cat\/es\/#website"},"datePublished":"2022-03-21T10:36:42+00:00","dateModified":"2025-10-27T11:51:49+00:00","description":"\u00bfTienes alguna duda o quieres pedir informaci\u00f3n acerca de alguno de nuestros productos? Contacta con nosotros y lo resolveremos.","breadcrumb":{"@id":"https:\/\/www.seviclimb.cat\/es\/contacte\/#breadcrumb"},"inLanguage":"es","potentialAction":[{"@type":"ReadAction","target":["https:\/\/www.seviclimb.cat\/es\/contacte\/"]}]},{"@type":"BreadcrumbList","@id":"https:\/\/www.seviclimb.cat\/es\/contacte\/#breadcrumb","itemListElement":[{"@type":"ListItem","position":1,"name":"Inici","item":"https:\/\/www.seviclimb.cat\/es\/"},{"@type":"ListItem","position":2,"name":"Contacto"}]},{"@type":"WebSite","@id":"https:\/\/www.seviclimb.cat\/es\/#website","url":"https:\/\/www.seviclimb.cat\/es\/","name":"Seviclimb","description":"","publisher":{"@id":"https:\/\/www.seviclimb.cat\/es\/#organization"},"potentialAction":[{"@type":"SearchAction","target":{"@type":"EntryPoint","urlTemplate":"https:\/\/www.seviclimb.cat\/es\/?s={search_term_string}"},"query-input":{"@type":"PropertyValueSpecification","valueRequired":true,"valueName":"search_term_string"}}],"inLanguage":"es"},{"@type":"Organization","@id":"https:\/\/www.seviclimb.cat\/es\/#organization","name":"Seviclimb","url":"https:\/\/www.seviclimb.cat\/es\/","logo":{"@type":"ImageObject","inLanguage":"es","@id":"https:\/\/www.seviclimb.cat\/es\/#\/schema\/logo\/image\/","url":"https:\/\/www.seviclimb.cat\/wp-content\/uploads\/2021\/08\/logoseviclimb-color.png","contentUrl":"https:\/\/www.seviclimb.cat\/wp-content\/uploads\/2021\/08\/logoseviclimb-color.png","width":1920,"height":1280,"caption":"Seviclimb"},"image":{"@id":"https:\/\/www.seviclimb.cat\/es\/#\/schema\/logo\/image\/"},"sameAs":["https:\/\/www.facebook.com\/Seviclimb\/","https:\/\/www.instagram.com\/sevi_climb\/"]}]}},"_links":{"self":[{"href":"https:\/\/www.seviclimb.cat\/es\/wp-json\/wp\/v2\/pages\/2026","targetHints":{"allow":["GET"]}}],"collection":[{"href":"https:\/\/www.seviclimb.cat\/es\/wp-json\/wp\/v2\/pages"}],"about":[{"href":"https:\/\/www.seviclimb.cat\/es\/wp-json\/wp\/v2\/types\/page"}],"author":[{"embeddable":true,"href":"https:\/\/www.seviclimb.cat\/es\/wp-json\/wp\/v2\/users\/1"}],"replies":[{"embeddable":true,"href":"https:\/\/www.seviclimb.cat\/es\/wp-json\/wp\/v2\/comments?post=2026"}],"version-history":[{"count":5,"href":"https:\/\/www.seviclimb.cat\/es\/wp-json\/wp\/v2\/pages\/2026\/revisions"}],"predecessor-version":[{"id":3862,"href":"https:\/\/www.seviclimb.cat\/es\/wp-json\/wp\/v2\/pages\/2026\/revisions\/3862"}],"wp:attachment":[{"href":"https:\/\/www.seviclimb.cat\/es\/wp-json\/wp\/v2\/media?parent=2026"}],"curies":[{"name":"wp","href":"https:\/\/api.w.org\/{rel}","templated":true}]}}